{"id":1564,"date":"2021-03-06T17:52:48","date_gmt":"2021-03-06T17:52:48","guid":{"rendered":"http:\/\/wandau.themezinho.net\/?page_id=3"},"modified":"2023-06-14T13:50:00","modified_gmt":"2023-06-14T13:50:00","slug":"gizlilik-politikasi","status":"publish","type":"page","link":"https:\/\/entasch.com\/en\/gizlilik-politikasi\/","title":{"rendered":"Gizlilik Politikas\u0131"},"content":{"rendered":"<div data-elementor-type=\"wp-page\" data-elementor-id=\"1564\" class=\"elementor elementor-1564\">\n\t\t\t\t\t\t<section class=\"elementor-section elementor-top-section elementor-element elementor-element-6794d0ea elementor-section-boxed elementor-section-height-default elementor-section-height-default\" data-id=\"6794d0ea\" data-element_type=\"section\" data-e-type=\"section\">\n\t\t\t\t\t\t<div class=\"elementor-container elementor-column-gap-default\">\n\t\t\t\t\t<div class=\"elementor-column elementor-col-100 elementor-top-column elementor-element elementor-element-4a1dfaea\" data-id=\"4a1dfaea\" data-element_type=\"column\" data-e-type=\"column\">\n\t\t\t<div class=\"elementor-widget-wrap elementor-element-populated\">\n\t\t\t\t\t\t<div class=\"elementor-element elementor-element-3ff8dfd7 elementor-widget elementor-widget-text-editor\" data-id=\"3ff8dfd7\" data-element_type=\"widget\" data-e-type=\"widget\" data-widget_type=\"text-editor.default\">\n\t\t\t\t<div class=\"elementor-widget-container\">\n\t\t\t\t\t\t\t\t\t<p>Gizlilik Politikas\u0131<\/p>\n<p>Enta\u015f \u015firketi olarak, kullan\u0131c\u0131lar\u0131m\u0131z\u0131n gizlili\u011fini \u00f6nemsiyor ve ki\u015fisel verilerinizi korumak i\u00e7in gerekli \u00f6nlemleri al\u0131yoruz. Bu gizlilik politikas\u0131, Enta\u015f \u015firketi web sitesini ziyaret eden ki\u015filerin ki\u015fisel bilgilerinin nas\u0131l topland\u0131\u011f\u0131n\u0131, kullan\u0131ld\u0131\u011f\u0131n\u0131 ve korundu\u011funu a\u00e7\u0131klar.<\/p>\n<p>Toplanan Bilgiler<\/p>\n<p>Enta\u015f web sitesini ziyaret etti\u011finizde, ki\u015fisel bilgilerinizi toplamak i\u00e7in belirli ad\u0131mlar atmay\u0131z. Ancak, web sitemizdeki baz\u0131 hizmetleri kullanman\u0131z i\u00e7in kay\u0131t olman\u0131z veya ki\u015fisel bilgilerinizi payla\u015fman\u0131z gerekebilir. Bu durumlarda, a\u015fa\u011f\u0131daki gibi baz\u0131 ki\u015fisel bilgileri toplayabiliriz:<\/p>\n<ol>\n<li>\u0130leti\u015fim Bilgileri: \u0130sim, e-posta adresi, telefon numaras\u0131 gibi ileti\u015fim bilgileriniz.<\/li>\n<\/ol>\n<p>Bilgilerin Kullan\u0131m\u0131 ve Saklanmas\u0131<\/p>\n<p>Toplad\u0131\u011f\u0131m\u0131z ki\u015fisel bilgileri, a\u015fa\u011f\u0131daki ama\u00e7larla kullanabiliriz:<\/p>\n<ol>\n<li>Size sa\u011flad\u0131\u011f\u0131m\u0131z hizmetleri sunmak ve y\u00f6netmek.<\/li>\n<li>Sipari\u015flerinizi i\u015flemek, \u00f6demelerinizi almak ve \u00fcr\u00fcnlerimizi size teslim etmek.<\/li>\n<li>\u0130leti\u015fim kurmak ve size g\u00fcncellemeler, promosyonlar ve \u00f6zel teklifler hakk\u0131nda bilgi vermek.<\/li>\n<li>\u0130statistiksel analizler ve ara\u015ft\u0131rmalar yapmak, web sitemizin performans\u0131n\u0131 izlemek ve iyile\u015ftirmek.<\/li>\n<\/ol>\n<p>Ki\u015fisel bilgilerinizi asla izinsiz olarak \u00fc\u00e7\u00fcnc\u00fc taraflarla payla\u015fmayaca\u011f\u0131z, satmayaca\u011f\u0131z veya ticari ama\u00e7larla kiralamayaca\u011f\u0131z. Bilgilerinizi yaln\u0131zca i\u015finize ili\u015fkin ama\u00e7lar i\u00e7in kullanaca\u011f\u0131z ve bu ama\u00e7lar d\u0131\u015f\u0131nda bilgilerinizi kullanmayaca\u011f\u0131z.<\/p>\n<p>Enta\u015f \u015firketi, ki\u015fisel bilgilerinizi korumak i\u00e7in uygun g\u00fcvenlik \u00f6nlemlerini al\u0131r ve bu bilgilerin yetkisiz eri\u015fime, de\u011fi\u015fikli\u011fe veya if\u015faya kar\u015f\u0131 korunmas\u0131n\u0131 sa\u011flamak i\u00e7in end\u00fcstri standartlar\u0131n\u0131 takip eder.<\/p>\n<p>\u00c7erezler<\/p>\n<p>Enta\u015f web sitesi, kullan\u0131c\u0131 deneyimini geli\u015ftirmek ve tercihlerinizi hat\u0131rlamak i\u00e7in \u00e7erezleri kullanabilir. \u00c7erezler, taray\u0131c\u0131n\u0131z taraf\u0131ndan yerel olarak depolanan k\u00fc\u00e7\u00fck metin dosyalar\u0131d\u0131r. \u00c7erezleri devre d\u0131\u015f\u0131 b\u0131rakmak isterseniz, taray\u0131c\u0131n\u0131z\u0131n ayarlar\u0131n\u0131 de\u011fi\u015ftirerek bunu yapabilirsiniz. Ancak, baz\u0131 durumlarda web sitemizin baz\u0131 \u00f6zelliklerinin do\u011fru \u015fekilde \u00e7al\u0131\u015fmayabilece\u011fini unutmay\u0131n.<\/p>\n<p>Di\u011fer Web Sitelerine Ba\u011flant\u0131lar<\/p>\n<p>Web sitemiz, \u00fc\u00e7\u00fcnc\u00fc taraf web sitelerine ba\u011flant\u0131lar i\u00e7erebilir. Bu web sitelerinin gizlilik uygulamalar\u0131ndan sorumlu de\u011filiz. Di\u011fer web sitelerini ziyaret etti\u011finizde, kendi gizlilik politikalar\u0131n\u0131 incelemenizi \u00f6neririz.<\/p>\n<p>De\u011fi\u015fiklikler<\/p>\n<p>Enta\u015f \u015firketi, gizlilik politikas\u0131n\u0131 gerekti\u011finde g\u00fcncelleme hakk\u0131n\u0131 sakl\u0131 tutar. Bu sayfay\u0131 d\u00fczenli olarak kontrol etmek suretiyle g\u00fcncellemelerden haberdar olman\u0131z\u0131 \u00f6neririz.<\/p>\n<p>Contact<\/p>\n<p>Gizlilik politikam\u0131zla ilgili herhangi bir sorunuz veya endi\u015feniz varsa, l\u00fctfen bize <strong>info@entasch.com<\/strong> \u00fczerinden ula\u015f\u0131n.<\/p>\t\t\t\t\t\t\t\t<\/div>\n\t\t\t\t<\/div>\n\t\t\t\t\t<\/div>\n\t\t<\/div>\n\t\t\t\t\t<\/div>\n\t\t<\/section>\n\t\t\t\t<\/div>","protected":false},"excerpt":{"rendered":"<p>Gizlilik Politikas\u0131 Enta\u015f \u015firketi olarak, kullan\u0131c\u0131lar\u0131m\u0131z\u0131n gizlili\u011fini \u00f6nemsiyor ve ki\u015fisel verilerinizi korumak i\u00e7in gerekli \u00f6nlemleri al\u0131yoruz. Bu gizlilik politikas\u0131, Enta\u015f \u015firketi web sitesini ziyaret eden ki\u015filerin ki\u015fisel bilgilerinin nas\u0131l topland\u0131\u011f\u0131n\u0131, kullan\u0131ld\u0131\u011f\u0131n\u0131 ve korundu\u011funu a\u00e7\u0131klar. Toplanan Bilgiler Enta\u015f web sitesini ziyaret etti\u011finizde, ki\u015fisel bilgilerinizi toplamak i\u00e7in belirli ad\u0131mlar atmay\u0131z. Ancak, web sitemizdeki baz\u0131 hizmetleri kullanman\u0131z i\u00e7in [&hellip;]<\/p>\n","protected":false},"author":1,"featured_media":0,"parent":0,"menu_order":0,"comment_status":"closed","ping_status":"closed","template":"page-builder.php","meta":{"_acf_changed":false,"footnotes":""},"class_list":["post-1564","page","type-page","status-publish","hentry"],"acf":[],"_links":{"self":[{"href":"https:\/\/entasch.com\/en\/wp-json\/wp\/v2\/pages\/1564","targetHints":{"allow":["GET"]}}],"collection":[{"href":"https:\/\/entasch.com\/en\/wp-json\/wp\/v2\/pages"}],"about":[{"href":"https:\/\/entasch.com\/en\/wp-json\/wp\/v2\/types\/page"}],"author":[{"embeddable":true,"href":"https:\/\/entasch.com\/en\/wp-json\/wp\/v2\/users\/1"}],"replies":[{"embeddable":true,"href":"https:\/\/entasch.com\/en\/wp-json\/wp\/v2\/comments?post=1564"}],"version-history":[{"count":5,"href":"https:\/\/entasch.com\/en\/wp-json\/wp\/v2\/pages\/1564\/revisions"}],"predecessor-version":[{"id":1983,"href":"https:\/\/entasch.com\/en\/wp-json\/wp\/v2\/pages\/1564\/revisions\/1983"}],"wp:attachment":[{"href":"https:\/\/entasch.com\/en\/wp-json\/wp\/v2\/media?parent=1564"}],"curies":[{"name":"wp","href":"https:\/\/api.w.org\/{rel}","templated":true}]}}