{"id":1904,"date":"2023-06-14T12:56:02","date_gmt":"2023-06-14T12:56:02","guid":{"rendered":"https:\/\/entasch.com\/?page_id=1904"},"modified":"2023-06-14T18:47:12","modified_gmt":"2023-06-14T18:47:12","slug":"vizyon-misyon-2","status":"publish","type":"page","link":"https:\/\/entasch.com\/en\/vizyon-misyon-2\/","title":{"rendered":"vizyon &#038; misyon"},"content":{"rendered":"<div data-elementor-type=\"wp-page\" data-elementor-id=\"1904\" class=\"elementor elementor-1904\">\n\t\t\t\t\t\t<section class=\"elementor-section elementor-top-section elementor-element elementor-element-6d172b3 elementor-section-content-middle elementor-section-boxed elementor-section-height-default elementor-section-height-default\" data-id=\"6d172b3\" data-element_type=\"section\" data-e-type=\"section\" data-settings=\"{&quot;background_background&quot;:&quot;classic&quot;}\">\n\t\t\t\t\t\t<div class=\"elementor-container elementor-column-gap-default\">\n\t\t\t\t\t<div class=\"elementor-column elementor-col-100 elementor-top-column elementor-element elementor-element-c1325f1\" data-id=\"c1325f1\" data-element_type=\"column\" data-e-type=\"column\">\n\t\t\t<div class=\"elementor-widget-wrap elementor-element-populated\">\n\t\t\t\t\t\t<div class=\"elementor-element elementor-element-961fc58 elementor-widget__width-inherit elementor-widget elementor-widget-side-content-box\" data-id=\"961fc58\" data-element_type=\"widget\" data-e-type=\"widget\" data-widget_type=\"side-content-box.default\">\n\t\t\t\t<div class=\"elementor-widget-container\">\n\t\t\t\t\t<div class=\"side-content left\" data-scroll data-scroll-speed=\"1\">\n    <h2>Vision &amp; Mission<\/h2>\n      <p class=\"p3\">Our vision is to be an inspiring pioneer in enhancing cultural sensitivity and understanding by preserving the richness and diversity of cultural heritage. Using cultural heritage as a universal language, our vision aims to bring people together and promote intercultural interaction. While preserving our heritage, we strive to emphasize the unique identities of societies and work towards increasing understanding and respect among cultures. Our efforts are dedicated to strengthening people's connection to our shared past and the depths of our cultural heritage, while providing future generations with opportunities to explore and appreciate the richness of cultural heritage.<\/p><p class=\"p3\">\u00a0<\/p><p class=\"p3\">With a mission centered around cultural sensitivity, we aim to sustainably preserve, research, and share cultural heritage by developing various strategies and programs. We seek to create awareness and foster appreciation for the cultural heritage of communities within the framework of cultural sensitivity and respect. By highlighting the universal value of cultural heritage, we aspire to unite people within cultural diversity and discover our common values. Alongside the preservation, restoration, and transmission of cultural heritage to future generations, we strive to promote cultural sensitivity, strengthen cultural dialogue, and continue to encourage the appreciation of cultural heritage.<\/p>  <\/div>\n\t\t\t\t<\/div>\n\t\t\t\t<\/div>\n\t\t\t\t\t<\/div>\n\t\t<\/div>\n\t\t\t\t\t<\/div>\n\t\t<\/section>\n\t\t\t\t<\/div>","protected":false},"excerpt":{"rendered":"<p>vizyon &amp; misyon K\u00fclt\u00fcrel miras\u0131n zenginli\u011fi ve \u00e7e\u015fitlili\u011fini koruyarak, insanlar\u0131n k\u00fclt\u00fcrel duyarl\u0131l\u0131\u011f\u0131 ve anlay\u0131\u015f\u0131n\u0131 geli\u015ftirmek i\u00e7in ilham verici bir \u00f6nc\u00fc olmak istiyoruz. Vizyonumuz, k\u00fclt\u00fcrel miras\u0131 evrensel bir dil olarak kullanarak, insanlar\u0131 bir araya getirmek ve k\u00fclt\u00fcrler aras\u0131 etkile\u015fimi te\u015fvik etmektedir. Miras\u0131m\u0131z\u0131 korurken, toplumlar\u0131n \u00f6zg\u00fcn kimliklerini vurgulamak ve k\u00fclt\u00fcrler aras\u0131nda anlay\u0131\u015f ve sayg\u0131y\u0131 art\u0131rmak i\u00e7in \u00e7al\u0131\u015f\u0131yor, [&hellip;]<\/p>\n","protected":false},"author":1,"featured_media":0,"parent":0,"menu_order":0,"comment_status":"closed","ping_status":"closed","template":"","meta":{"_acf_changed":false,"footnotes":""},"class_list":["post-1904","page","type-page","status-publish","hentry"],"acf":[],"_links":{"self":[{"href":"https:\/\/entasch.com\/en\/wp-json\/wp\/v2\/pages\/1904","targetHints":{"allow":["GET"]}}],"collection":[{"href":"https:\/\/entasch.com\/en\/wp-json\/wp\/v2\/pages"}],"about":[{"href":"https:\/\/entasch.com\/en\/wp-json\/wp\/v2\/types\/page"}],"author":[{"embeddable":true,"href":"https:\/\/entasch.com\/en\/wp-json\/wp\/v2\/users\/1"}],"replies":[{"embeddable":true,"href":"https:\/\/entasch.com\/en\/wp-json\/wp\/v2\/comments?post=1904"}],"version-history":[{"count":13,"href":"https:\/\/entasch.com\/en\/wp-json\/wp\/v2\/pages\/1904\/revisions"}],"predecessor-version":[{"id":2007,"href":"https:\/\/entasch.com\/en\/wp-json\/wp\/v2\/pages\/1904\/revisions\/2007"}],"wp:attachment":[{"href":"https:\/\/entasch.com\/en\/wp-json\/wp\/v2\/media?parent=1904"}],"curies":[{"name":"wp","href":"https:\/\/api.w.org\/{rel}","templated":true}]}}