{"id":20,"date":"2021-03-07T08:50:08","date_gmt":"2021-03-07T08:50:08","guid":{"rendered":"http:\/\/wandau.themezinho.net\/?page_id=20"},"modified":"2023-08-01T19:06:55","modified_gmt":"2023-08-01T19:06:55","slug":"hakkimizda","status":"publish","type":"page","link":"https:\/\/entasch.com\/en\/hakkimizda\/","title":{"rendered":"About Us"},"content":{"rendered":"<div data-elementor-type=\"wp-page\" data-elementor-id=\"20\" class=\"elementor elementor-20\">\n\t\t\t\t\t\t<section class=\"elementor-section elementor-top-section elementor-element elementor-element-0f366b2 elementor-section-full_width elementor-section-height-full elementor-section-items-stretch elementor-section-height-default\" data-id=\"0f366b2\" data-element_type=\"section\" data-e-type=\"section\" data-settings=\"{&quot;background_background&quot;:&quot;classic&quot;}\">\n\t\t\t\t\t\t<div class=\"elementor-container elementor-column-gap-wide\">\n\t\t\t\t\t<div class=\"elementor-column elementor-col-100 elementor-top-column elementor-element elementor-element-416e8f1\" data-id=\"416e8f1\" data-element_type=\"column\" data-e-type=\"column\">\n\t\t\t<div class=\"elementor-widget-wrap elementor-element-populated\">\n\t\t\t\t\t\t<div class=\"elementor-element elementor-element-eb2346d elementor-widget elementor-widget-side-image\" data-id=\"eb2346d\" data-element_type=\"widget\" data-e-type=\"widget\" data-widget_type=\"side-image.default\">\n\t\t\t\t<div class=\"elementor-widget-container\">\n\t\t\t\t\t<figure class=\"side-image\" data-scroll data-scroll-speed=\"2\"> <img decoding=\"async\" src=\"http:\/\/wandau.themezinho.net\/wp-content\/uploads\/2021\/03\/side-imag05.jpg\" alt=\"Image\"><\/figure>\n\t\t\t\t<\/div>\n\t\t\t\t<\/div>\n\t\t\t\t<div class=\"elementor-element elementor-element-930a0c7 elementor-widget__width-auto elementor-widget elementor-widget-text-box\" data-id=\"930a0c7\" data-element_type=\"widget\" data-e-type=\"widget\" data-widget_type=\"text-box.default\">\n\t\t\t\t<div class=\"elementor-widget-container\">\n\t\t\t\t\t<div class=\"text-box\" data-scroll data-scroll-speed=\"\">\n       <h2>ABOUT US<\/h2><p class=\"translation-block\">Having been founded in 2009 and with the change in the field of activity of its in 2022, Enta\u015f has been operating as a <br> Cultural Heritage and Management Consulting firm in order to facilitate the protection of all of the cultural heritage and <br> to convey such coinheritance to the future generation. Together with its expert personnel, Enta\u015f makes definitions, <br>determinations and evaluations in the projects it serves, and carries out all kinds of studies such as consultancy, <br> feasibility, project production, project execution, excavation works based on its findings.\n<br> <br>ENTA\u015e carries out its services in accordance with the <strong>\"Scientific Academic Advisory Support\" <\/strong> it receives from <br> universities and within the framework of the \"Law on Protection of Cultural and Natural Assets\" numbered 2863 and <br>relevant legislation, in line with the knowledge, recommendations, and opinions of Museums and Conservation Boards.<\/p><p>\u00a0<\/p>    <\/div>\n\t\t\t\t<\/div>\n\t\t\t\t<\/div>\n\t\t\t\t\t<\/div>\n\t\t<\/div>\n\t\t\t\t\t<\/div>\n\t\t<\/section>\n\t\t\t\t<\/div>","protected":false},"excerpt":{"rendered":"<p>HAKKIMIZDA 2009 y\u0131l\u0131nda Ankara\u2019da kurulan ENTA\u015e 2022 y\u0131l\u0131nda \u00fcnvan de\u011fi\u015ftirerek K\u00fclt\u00fcrel Miras ve Y\u00f6netim Dan\u0131\u015fmanl\u0131k hizmetleri vermeye ba\u015flam\u0131\u015ft\u0131r ve insanl\u0131\u011f\u0131n ortak miras\u0131 olan t\u00fcm k\u00fclt\u00fcr varl\u0131klar\u0131n\u0131n korunmas\u0131 ve gelecek ku\u015faklara etkili bir \u015fekilde iletilebilmesi i\u00e7in \u201cK\u00fclt\u00fcrel Miras Y\u00f6netimi, K\u00fclt\u00fcrel Miras\u0131n Belgelenmesi ve Korunmas\u0131\u201d alanlar\u0131nda faaliyet g\u00f6stermektedir. ENTA\u015e, uzman kadrosu ile hizmet verdi\u011fi projelelerde tan\u0131m, tespit [&hellip;]<\/p>\n","protected":false},"author":1,"featured_media":0,"parent":0,"menu_order":0,"comment_status":"closed","ping_status":"closed","template":"page-builder.php","meta":{"_acf_changed":false,"footnotes":""},"class_list":["post-20","page","type-page","status-publish","hentry"],"acf":[],"_links":{"self":[{"href":"https:\/\/entasch.com\/en\/wp-json\/wp\/v2\/pages\/20","targetHints":{"allow":["GET"]}}],"collection":[{"href":"https:\/\/entasch.com\/en\/wp-json\/wp\/v2\/pages"}],"about":[{"href":"https:\/\/entasch.com\/en\/wp-json\/wp\/v2\/types\/page"}],"author":[{"embeddable":true,"href":"https:\/\/entasch.com\/en\/wp-json\/wp\/v2\/users\/1"}],"replies":[{"embeddable":true,"href":"https:\/\/entasch.com\/en\/wp-json\/wp\/v2\/comments?post=20"}],"version-history":[{"count":35,"href":"https:\/\/entasch.com\/en\/wp-json\/wp\/v2\/pages\/20\/revisions"}],"predecessor-version":[{"id":2247,"href":"https:\/\/entasch.com\/en\/wp-json\/wp\/v2\/pages\/20\/revisions\/2247"}],"wp:attachment":[{"href":"https:\/\/entasch.com\/en\/wp-json\/wp\/v2\/media?parent=20"}],"curies":[{"name":"wp","href":"https:\/\/api.w.org\/{rel}","templated":true}]}}