{"id":2096,"date":"2023-06-14T20:24:40","date_gmt":"2023-06-14T20:24:40","guid":{"rendered":"https:\/\/entasch.com\/?page_id=2096"},"modified":"2023-06-14T21:01:22","modified_gmt":"2023-06-14T21:01:22","slug":"arkeoloji-terimleri-sozlugu","status":"publish","type":"page","link":"https:\/\/entasch.com\/en\/arkeoloji-terimleri-sozlugu\/","title":{"rendered":"Archaeology Terminology Dictionary"},"content":{"rendered":"<div data-elementor-type=\"wp-page\" data-elementor-id=\"2096\" class=\"elementor elementor-2096\">\n\t\t\t\t\t\t<section class=\"elementor-section elementor-top-section elementor-element elementor-element-fdafaea elementor-section-boxed elementor-section-height-default elementor-section-height-default\" data-id=\"fdafaea\" data-element_type=\"section\" data-e-type=\"section\">\n\t\t\t\t\t\t<div class=\"elementor-container elementor-column-gap-default\">\n\t\t\t\t\t<div class=\"elementor-column elementor-col-100 elementor-top-column elementor-element elementor-element-c29ba52\" data-id=\"c29ba52\" data-element_type=\"column\" data-e-type=\"column\">\n\t\t\t<div class=\"elementor-widget-wrap elementor-element-populated\">\n\t\t\t\t\t\t<div class=\"elementor-element elementor-element-1adaddf elementor-widget elementor-widget-section-title\" data-id=\"1adaddf\" data-element_type=\"widget\" data-e-type=\"widget\" data-widget_type=\"section-title.default\">\n\t\t\t\t<div class=\"elementor-widget-container\">\n\t\t\t\t\t<div class=\"section-title text-left\">\n          <h2>Archaeology Terminology Dictionary<\/h2>\n<\/div>\n\t\t\t\t<\/div>\n\t\t\t\t<\/div>\n\t\t\t\t\t<\/div>\n\t\t<\/div>\n\t\t\t\t\t<\/div>\n\t\t<\/section>\n\t\t\t\t<section class=\"elementor-section elementor-top-section elementor-element elementor-element-46a6b45 elementor-section-boxed elementor-section-height-default elementor-section-height-default\" data-id=\"46a6b45\" data-element_type=\"section\" data-e-type=\"section\">\n\t\t\t\t\t\t<div class=\"elementor-container elementor-column-gap-default\">\n\t\t\t\t\t<div class=\"elementor-column elementor-col-100 elementor-top-column elementor-element elementor-element-04496db\" data-id=\"04496db\" data-element_type=\"column\" data-e-type=\"column\">\n\t\t\t<div class=\"elementor-widget-wrap elementor-element-populated\">\n\t\t\t\t\t\t<div class=\"elementor-element elementor-element-ea064be elementor-invisible elementor-widget elementor-widget-text-box\" data-id=\"ea064be\" data-element_type=\"widget\" data-e-type=\"widget\" data-settings=\"{&quot;_animation&quot;:&quot;zoomIn&quot;}\" data-widget_type=\"text-box.default\">\n\t\t\t\t<div class=\"elementor-widget-container\">\n\t\t\t\t\t<div class=\"text-box\" data-scroll data-scroll-speed=\"\">\n       <p><strong>Amfitiyatro:<\/strong> Oval veya yuvarlak plana sahip antik tiyatro t\u00fcr\u00fc.<\/p><p><strong>Amfora:<\/strong> Antik d\u00f6nemlerde kullan\u0131lan \u00e7ift kulplu seramik kap.<\/p><p><strong>Antik Roma<\/strong>: Roma \u0130mparatorlu\u011fu'nun antik d\u00f6nemine ait olan tarih ve k\u00fclt\u00fcr.<\/p><p><strong>Antik Tiyatro:<\/strong> Antik d\u00f6nemlerde oyunlar\u0131n sergilendi\u011fi a\u00e7\u0131k hava tiyatrosu.<\/p><p><strong>Antropoloji:<\/strong> \u0130nsan\u0131n k\u00f6keni, fiziksel \u00f6zellikleri ve k\u00fclt\u00fcr\u00fc \u00fczerine \u00e7al\u0131\u015fan bilim dal\u0131.<\/p><p><strong>Apsis:<\/strong> Bazilika veya kilisenin yar\u0131 daire \u015feklindeki biti\u015fik b\u00f6l\u00fcm\u00fc.<\/p><p><strong>Arkeobotanik:<\/strong> Arkeolojik kaz\u0131larda bitki kal\u0131nt\u0131lar\u0131n\u0131n incelenmesi.<\/p><p><strong>Arkeoloji:<\/strong> \u0130nsanl\u0131k tarihini, k\u00fclt\u00fcrlerini ve ge\u00e7mi\u015f uygarl\u0131klar\u0131 inceleyen bilim dal\u0131.<\/p><p><strong>Arkeolojik Park:<\/strong> Kaz\u0131 yap\u0131lan veya arkeolojik kal\u0131nt\u0131lar\u0131n sergilendi\u011fi park alan\u0131.<\/p><p><strong>Arkeometri:<\/strong> Arkeolojik malzemelerin bilimsel analizlerinin yap\u0131ld\u0131\u011f\u0131 alan.<\/p><p><strong>Arkeozooloji:<\/strong> Arkeolojik kaz\u0131larda hayvan kal\u0131nt\u0131lar\u0131n\u0131n incelenmesi.<\/p><p><strong>Asur \u0130mparatorlu\u011fu:<\/strong> Antik Mezopotamya'da h\u00fck\u00fcm s\u00fcren b\u00fcy\u00fck bir uygarl\u0131k.<\/p><p><strong>A\u011fa\u00e7 K\u00fct\u00fc\u011f\u00fc Evler:<\/strong> A\u011fa\u00e7 k\u00fct\u00fcklerinin birle\u015ftirilmesiyle yap\u0131lan antik evler.<\/p><p><strong>Hieroglif:<\/strong> Eski M\u0131s\u0131r'da kullan\u0131lan yaz\u0131 sistemi.<\/p><p><strong>Hitit \u0130mparatorlu\u011fu:<\/strong> Antik Anadolu'da h\u00fck\u00fcm s\u00fcren b\u00fcy\u00fck bir uygarl\u0131k.<\/p><p><strong>Konservasyon:<\/strong> Arkeolojik buluntular\u0131n korunmas\u0131 ve restore edilmesi i\u015flemi.<\/p><p><strong>Kaz\u0131:<\/strong> Arkeolojik kal\u0131nt\u0131lar\u0131 ortaya \u00e7\u0131karmak i\u00e7in toprak tabakalar\u0131n\u0131 kazma i\u015flemi.<\/p><p><strong>Kral Kurgan\u0131:<\/strong> Bir h\u00fck\u00fcmdar\u0131n g\u00f6m\u00fcld\u00fc\u011f\u00fc an\u0131tsal t\u00fcm\u00fcl\u00fcs.<\/p><p><strong>Kutsal Alanlar:<\/strong> Dini rit\u00fcellerin ger\u00e7ekle\u015ftirildi\u011fi \u00f6zel b\u00f6lgeler.<\/p><p><strong>Lahit:<\/strong> Antik d\u00f6nemlerde ta\u015ftan yap\u0131lm\u0131\u015f tabut.<\/p>    <\/div>\n\t\t\t\t<\/div>\n\t\t\t\t<\/div>\n\t\t\t\t\t<\/div>\n\t\t<\/div>\n\t\t\t\t\t<\/div>\n\t\t<\/section>\n\t\t\t\t<\/div>","protected":false},"excerpt":{"rendered":"<p>Arkeoloji Terimleri S\u00f6zl\u00fc\u011f\u00fc Amfitiyatro: Oval veya yuvarlak plana sahip antik tiyatro t\u00fcr\u00fc. Amfora: Antik d\u00f6nemlerde kullan\u0131lan \u00e7ift kulplu seramik kap. Antik Roma: Roma \u0130mparatorlu\u011fu&#8217;nun antik d\u00f6nemine ait olan tarih ve k\u00fclt\u00fcr. Antik Tiyatro: Antik d\u00f6nemlerde oyunlar\u0131n sergilendi\u011fi a\u00e7\u0131k hava tiyatrosu. Antropoloji: \u0130nsan\u0131n k\u00f6keni, fiziksel \u00f6zellikleri ve k\u00fclt\u00fcr\u00fc \u00fczerine \u00e7al\u0131\u015fan bilim dal\u0131. Apsis: Bazilika veya kilisenin [&hellip;]<\/p>\n","protected":false},"author":1,"featured_media":0,"parent":0,"menu_order":0,"comment_status":"closed","ping_status":"closed","template":"","meta":{"_acf_changed":false,"footnotes":""},"class_list":["post-2096","page","type-page","status-publish","hentry"],"acf":[],"_links":{"self":[{"href":"https:\/\/entasch.com\/en\/wp-json\/wp\/v2\/pages\/2096","targetHints":{"allow":["GET"]}}],"collection":[{"href":"https:\/\/entasch.com\/en\/wp-json\/wp\/v2\/pages"}],"about":[{"href":"https:\/\/entasch.com\/en\/wp-json\/wp\/v2\/types\/page"}],"author":[{"embeddable":true,"href":"https:\/\/entasch.com\/en\/wp-json\/wp\/v2\/users\/1"}],"replies":[{"embeddable":true,"href":"https:\/\/entasch.com\/en\/wp-json\/wp\/v2\/comments?post=2096"}],"version-history":[{"count":14,"href":"https:\/\/entasch.com\/en\/wp-json\/wp\/v2\/pages\/2096\/revisions"}],"predecessor-version":[{"id":2130,"href":"https:\/\/entasch.com\/en\/wp-json\/wp\/v2\/pages\/2096\/revisions\/2130"}],"wp:attachment":[{"href":"https:\/\/entasch.com\/en\/wp-json\/wp\/v2\/media?parent=2096"}],"curies":[{"name":"wp","href":"https:\/\/api.w.org\/{rel}","templated":true}]}}